{"id":1448,"date":"2019-11-02T11:50:07","date_gmt":"2019-11-02T10:50:07","guid":{"rendered":"https:\/\/vinolio.es\/eventos\/"},"modified":"2026-03-12T01:19:31","modified_gmt":"2026-03-12T00:19:31","slug":"events","status":"publish","type":"page","link":"https:\/\/vinolio.es\/en\/events\/","title":{"rendered":"Events"},"content":{"rendered":"\t\t<div data-elementor-type=\"wp-page\" data-elementor-id=\"1448\" class=\"elementor elementor-1448 elementor-345\">\n\t\t\t\t\t\t<section class=\"elementor-section elementor-top-section elementor-element elementor-element-3c2e8d11 elementor-section-boxed elementor-section-height-default elementor-section-height-default\" data-id=\"3c2e8d11\" data-element_type=\"section\">\n\t\t\t\t\t\t<div class=\"elementor-container elementor-column-gap-default\">\n\t\t\t\t\t<div class=\"elementor-column elementor-col-100 elementor-top-column elementor-element elementor-element-5d351ab6\" data-id=\"5d351ab6\" data-element_type=\"column\">\n\t\t\t<div class=\"elementor-widget-wrap elementor-element-populated\">\n\t\t\t\t\t\t<div class=\"elementor-element elementor-element-18fc08dd elementor-widget elementor-widget-text-editor\" data-id=\"18fc08dd\" data-element_type=\"widget\" data-widget_type=\"text-editor.default\">\n\t\t\t\t<div class=\"elementor-widget-container\">\n\t\t\t\t\t\t\t\t\tAt <strong>Vinolio<\/strong> we are continuously proposing new experiences for our customers to enjoy the best food paired with excellent wines. Find out about our next event and if you wish, reserve a table.\t\t\t\t\t\t\t\t<\/div>\n\t\t\t\t<\/div>\n\t\t\t\t\t<\/div>\n\t\t<\/div>\n\t\t\t\t\t<\/div>\n\t\t<\/section>\n\t\t\t\t<section class=\"elementor-section elementor-top-section elementor-element elementor-element-ccee7a8 elementor-section-boxed elementor-section-height-default elementor-section-height-default\" data-id=\"ccee7a8\" data-element_type=\"section\">\n\t\t\t\t\t\t<div class=\"elementor-container elementor-column-gap-default\">\n\t\t\t\t\t<div class=\"elementor-column elementor-col-50 elementor-top-column elementor-element elementor-element-cd1be4b\" data-id=\"cd1be4b\" data-element_type=\"column\">\n\t\t\t<div class=\"elementor-widget-wrap elementor-element-populated\">\n\t\t\t\t\t\t<div class=\"elementor-element elementor-element-93299b2 elementor-widget elementor-widget-text-editor\" data-id=\"93299b2\" data-element_type=\"widget\" data-widget_type=\"text-editor.default\">\n\t\t\t\t<div class=\"elementor-widget-container\">\n\t\t\t\t\t\t\t\t\t<p>Currently<\/p>\t\t\t\t\t\t\t\t<\/div>\n\t\t\t\t<\/div>\n\t\t\t\t<div class=\"elementor-element elementor-element-544bac1 elementor-widget elementor-widget-heading\" data-id=\"544bac1\" data-element_type=\"widget\" data-widget_type=\"heading.default\">\n\t\t\t\t<div class=\"elementor-widget-container\">\n\t\t\t\t\t<h2 class=\"elementor-heading-title elementor-size-default\">Pairing Diner Bodega G\u00e9mina<\/h2>\t\t\t\t<\/div>\n\t\t\t\t<\/div>\n\t\t\t\t<div class=\"elementor-element elementor-element-54293d2 elementor-widget elementor-widget-text-editor\" data-id=\"54293d2\" data-element_type=\"widget\" data-widget_type=\"text-editor.default\">\n\t\t\t\t<div class=\"elementor-widget-container\">\n\t\t\t\t\t\t\t\t\t<p>Friday, March 13th at 8:30 pm. 60 \u20ac\/pp<\/p>\t\t\t\t\t\t\t\t<\/div>\n\t\t\t\t<\/div>\n\t\t\t\t<div class=\"elementor-element elementor-element-1cf7e63 elementor-widget elementor-widget-text-editor\" data-id=\"1cf7e63\" data-element_type=\"widget\" data-widget_type=\"text-editor.default\">\n\t\t\t\t<div class=\"elementor-widget-container\">\n\t\t\t\t\t\t\t\t\tBook your table, call us at <a href=\"tel:+34911560965\"><strong>91 156 09 65<\/strong><\/a> or send us an email to <a href=\"mailto:info@vinolio.es\"><strong>info@vinolio.es<\/strong><\/a>\t\t\t\t\t\t\t\t<\/div>\n\t\t\t\t<\/div>\n\t\t\t\t\t<\/div>\n\t\t<\/div>\n\t\t\t\t<div class=\"elementor-column elementor-col-50 elementor-top-column elementor-element elementor-element-2108c0d\" data-id=\"2108c0d\" data-element_type=\"column\">\n\t\t\t<div class=\"elementor-widget-wrap elementor-element-populated\">\n\t\t\t\t\t\t<div class=\"elementor-element elementor-element-d0d3efd elementor-widget elementor-widget-image\" data-id=\"d0d3efd\" data-element_type=\"widget\" data-widget_type=\"image.default\">\n\t\t\t\t<div class=\"elementor-widget-container\">\n\t\t\t\t\t\t\t\t\t\t\t\t\t\t\t<img fetchpriority=\"high\" decoding=\"async\" width=\"1920\" height=\"1272\" src=\"https:\/\/vinolio.es\/wp-content\/uploads\/2020\/02\/vinolio_vinos.jpg\" class=\"attachment-full size-full wp-image-1719\" alt=\"\" srcset=\"https:\/\/vinolio.es\/wp-content\/uploads\/2020\/02\/vinolio_vinos.jpg 1920w, https:\/\/vinolio.es\/wp-content\/uploads\/2020\/02\/vinolio_vinos-768x509.jpg 768w, https:\/\/vinolio.es\/wp-content\/uploads\/2020\/02\/vinolio_vinos-1536x1018.jpg 1536w, https:\/\/vinolio.es\/wp-content\/uploads\/2020\/02\/vinolio_vinos-640x424.jpg 640w\" sizes=\"(max-width: 1920px) 100vw, 1920px\" \/>\t\t\t\t\t\t\t\t\t\t\t\t\t\t\t<\/div>\n\t\t\t\t<\/div>\n\t\t\t\t\t<\/div>\n\t\t<\/div>\n\t\t\t\t\t<\/div>\n\t\t<\/section>\n\t\t\t\t<section class=\"elementor-section elementor-top-section elementor-element elementor-element-a94ec85 elementor-reverse-mobile elementor-section-boxed elementor-section-height-default elementor-section-height-default\" data-id=\"a94ec85\" data-element_type=\"section\">\n\t\t\t\t\t\t<div class=\"elementor-container elementor-column-gap-default\">\n\t\t\t\t\t<div class=\"elementor-column elementor-col-50 elementor-top-column elementor-element elementor-element-56ae0cd\" data-id=\"56ae0cd\" data-element_type=\"column\">\n\t\t\t<div class=\"elementor-widget-wrap elementor-element-populated\">\n\t\t\t\t\t\t<div class=\"elementor-element elementor-element-a0aba6b elementor-widget elementor-widget-image\" data-id=\"a0aba6b\" data-element_type=\"widget\" data-widget_type=\"image.default\">\n\t\t\t\t<div class=\"elementor-widget-container\">\n\t\t\t\t\t\t\t\t\t\t\t\t\t\t\t<img decoding=\"async\" width=\"477\" height=\"720\" src=\"https:\/\/vinolio.es\/wp-content\/uploads\/2020\/02\/vinolio_rwd_vinos.jpg\" class=\"attachment-large size-large wp-image-1721\" alt=\"\" srcset=\"https:\/\/vinolio.es\/wp-content\/uploads\/2020\/02\/vinolio_rwd_vinos.jpg 477w, https:\/\/vinolio.es\/wp-content\/uploads\/2020\/02\/vinolio_rwd_vinos-283x427.jpg 283w\" sizes=\"(max-width: 477px) 100vw, 477px\" \/>\t\t\t\t\t\t\t\t\t\t\t\t\t\t\t<\/div>\n\t\t\t\t<\/div>\n\t\t\t\t\t<\/div>\n\t\t<\/div>\n\t\t\t\t<div class=\"elementor-column elementor-col-50 elementor-top-column elementor-element elementor-element-e098f42\" data-id=\"e098f42\" data-element_type=\"column\">\n\t\t\t<div class=\"elementor-widget-wrap elementor-element-populated\">\n\t\t\t\t\t\t<div class=\"elementor-element elementor-element-449e780 elementor-widget elementor-widget-heading\" data-id=\"449e780\" data-element_type=\"widget\" data-widget_type=\"heading.default\">\n\t\t\t\t<div class=\"elementor-widget-container\">\n\t\t\t\t\t<h2 class=\"elementor-heading-title elementor-size-default\">Menu<\/h2>\t\t\t\t<\/div>\n\t\t\t\t<\/div>\n\t\t\t\t<div class=\"elementor-element elementor-element-11c3736 elementor-icon-list--layout-traditional elementor-list-item-link-full_width elementor-widget elementor-widget-icon-list\" data-id=\"11c3736\" data-element_type=\"widget\" data-widget_type=\"icon-list.default\">\n\t\t\t\t<div class=\"elementor-widget-container\">\n\t\t\t\t\t\t\t<ul class=\"elementor-icon-list-items\">\n\t\t\t\t\t\t\t<li class=\"elementor-icon-list-item\">\n\t\t\t\t\t\t\t\t\t\t<span class=\"elementor-icon-list-text\">Strawberry Carpaccio with Seared Foie Gras and Balsamic Reduction<\/span>\n\t\t\t\t\t\t\t\t\t<\/li>\n\t\t\t\t\t\t\t\t<li class=\"elementor-icon-list-item\">\n\t\t\t\t\t\t\t\t\t\t\t<span class=\"elementor-icon-list-icon\">\n\t\t\t\t\t\t\t<i aria-hidden=\"true\" class=\"fas fa-wine-glass\"><\/i>\t\t\t\t\t\t<\/span>\n\t\t\t\t\t\t\t\t\t\t<span class=\"elementor-icon-list-text\"><strong>Celia Ros\u00e9, 100% Monastrell<\/strong><\/span>\n\t\t\t\t\t\t\t\t\t<\/li>\n\t\t\t\t\t\t<\/ul>\n\t\t\t\t\t\t<\/div>\n\t\t\t\t<\/div>\n\t\t\t\t<div class=\"elementor-element elementor-element-72b69a4 elementor-icon-list--layout-traditional elementor-list-item-link-full_width elementor-widget elementor-widget-icon-list\" data-id=\"72b69a4\" data-element_type=\"widget\" data-widget_type=\"icon-list.default\">\n\t\t\t\t<div class=\"elementor-widget-container\">\n\t\t\t\t\t\t\t<ul class=\"elementor-icon-list-items\">\n\t\t\t\t\t\t\t<li class=\"elementor-icon-list-item\">\n\t\t\t\t\t\t\t\t\t\t<span class=\"elementor-icon-list-text\">Octopus, Avocado and Tomato Timbale with Nut Vinaigrette<\/span>\n\t\t\t\t\t\t\t\t\t<\/li>\n\t\t\t\t\t\t\t\t<li class=\"elementor-icon-list-item\">\n\t\t\t\t\t\t\t\t\t\t\t<span class=\"elementor-icon-list-icon\">\n\t\t\t\t\t\t\t<i aria-hidden=\"true\" class=\"fas fa-wine-glass\"><\/i>\t\t\t\t\t\t<\/span>\n\t\t\t\t\t\t\t\t\t\t<span class=\"elementor-icon-list-text\"><strong>G\u00e9mina FB, Chardonnay 100%<\/strong><\/span>\n\t\t\t\t\t\t\t\t\t<\/li>\n\t\t\t\t\t\t<\/ul>\n\t\t\t\t\t\t<\/div>\n\t\t\t\t<\/div>\n\t\t\t\t<div class=\"elementor-element elementor-element-a81dfd9 elementor-icon-list--layout-traditional elementor-list-item-link-full_width elementor-widget elementor-widget-icon-list\" data-id=\"a81dfd9\" data-element_type=\"widget\" data-widget_type=\"icon-list.default\">\n\t\t\t\t<div class=\"elementor-widget-container\">\n\t\t\t\t\t\t\t<ul class=\"elementor-icon-list-items\">\n\t\t\t\t\t\t\t<li class=\"elementor-icon-list-item\">\n\t\t\t\t\t\t\t\t\t\t<span class=\"elementor-icon-list-text\">Iberian Pork Pluma Rice with a Touch of Soy<\/span>\n\t\t\t\t\t\t\t\t\t<\/li>\n\t\t\t\t\t\t\t\t<li class=\"elementor-icon-list-item\">\n\t\t\t\t\t\t\t\t\t\t\t<span class=\"elementor-icon-list-icon\">\n\t\t\t\t\t\t\t<i aria-hidden=\"true\" class=\"fas fa-wine-glass\"><\/i>\t\t\t\t\t\t<\/span>\n\t\t\t\t\t\t\t\t\t\t<span class=\"elementor-icon-list-text\"><strong>G\u00e9mina Selecci\u00f3n Monastrell<\/strong><\/span>\n\t\t\t\t\t\t\t\t\t<\/li>\n\t\t\t\t\t\t<\/ul>\n\t\t\t\t\t\t<\/div>\n\t\t\t\t<\/div>\n\t\t\t\t<div class=\"elementor-element elementor-element-f98521e elementor-icon-list--layout-traditional elementor-list-item-link-full_width elementor-widget elementor-widget-icon-list\" data-id=\"f98521e\" data-element_type=\"widget\" data-widget_type=\"icon-list.default\">\n\t\t\t\t<div class=\"elementor-widget-container\">\n\t\t\t\t\t\t\t<ul class=\"elementor-icon-list-items\">\n\t\t\t\t\t\t\t<li class=\"elementor-icon-list-item\">\n\t\t\t\t\t\t\t\t\t\t<span class=\"elementor-icon-list-text\">Braised Chicken Wings with Crispy Bimi and Roasted Sweet Potato<\/span>\n\t\t\t\t\t\t\t\t\t<\/li>\n\t\t\t\t\t\t\t\t<li class=\"elementor-icon-list-item\">\n\t\t\t\t\t\t\t\t\t\t\t<span class=\"elementor-icon-list-icon\">\n\t\t\t\t\t\t\t<i aria-hidden=\"true\" class=\"fas fa-wine-glass\"><\/i>\t\t\t\t\t\t<\/span>\n\t\t\t\t\t\t\t\t\t\t<span class=\"elementor-icon-list-text\"><strong>G\u00e9mina Cuv\u00e9e Selecci\u00f3n<\/strong><\/span>\n\t\t\t\t\t\t\t\t\t<\/li>\n\t\t\t\t\t\t<\/ul>\n\t\t\t\t\t\t<\/div>\n\t\t\t\t<\/div>\n\t\t\t\t<div class=\"elementor-element elementor-element-0f73d52 elementor-icon-list--layout-traditional elementor-list-item-link-full_width elementor-widget elementor-widget-icon-list\" data-id=\"0f73d52\" data-element_type=\"widget\" data-widget_type=\"icon-list.default\">\n\t\t\t\t<div class=\"elementor-widget-container\">\n\t\t\t\t\t\t\t<ul class=\"elementor-icon-list-items\">\n\t\t\t\t\t\t\t<li class=\"elementor-icon-list-item\">\n\t\t\t\t\t\t\t\t\t\t<span class=\"elementor-icon-list-text\">Three-Texture Chocolate Mousse Cake<\/span>\n\t\t\t\t\t\t\t\t\t<\/li>\n\t\t\t\t\t\t\t\t<li class=\"elementor-icon-list-item\">\n\t\t\t\t\t\t\t\t\t\t\t<span class=\"elementor-icon-list-icon\">\n\t\t\t\t\t\t\t<i aria-hidden=\"true\" class=\"fas fa-wine-glass\"><\/i>\t\t\t\t\t\t<\/span>\n\t\t\t\t\t\t\t\t\t\t<span class=\"elementor-icon-list-text\"><strong>G\u00e9mina Dulce Monastrell<\/strong><\/span>\n\t\t\t\t\t\t\t\t\t<\/li>\n\t\t\t\t\t\t<\/ul>\n\t\t\t\t\t\t<\/div>\n\t\t\t\t<\/div>\n\t\t\t\t\t<\/div>\n\t\t<\/div>\n\t\t\t\t\t<\/div>\n\t\t<\/section>\n\t\t\t\t<section class=\"elementor-section elementor-top-section elementor-element elementor-element-2659e1e elementor-section-boxed elementor-section-height-default elementor-section-height-default\" data-id=\"2659e1e\" data-element_type=\"section\">\n\t\t\t\t\t\t<div class=\"elementor-container elementor-column-gap-default\">\n\t\t\t\t\t<div class=\"elementor-column elementor-col-100 elementor-top-column elementor-element elementor-element-a4a78f4\" data-id=\"a4a78f4\" data-element_type=\"column\">\n\t\t\t<div class=\"elementor-widget-wrap elementor-element-populated\">\n\t\t\t\t\t\t<div class=\"elementor-element elementor-element-12e9d08 elementor-widget elementor-widget-heading\" data-id=\"12e9d08\" data-element_type=\"widget\" data-widget_type=\"heading.default\">\n\t\t\t\t<div class=\"elementor-widget-container\">\n\t\t\t\t\t<h2 class=\"elementor-heading-title elementor-size-default\">Do you have something to celebrate?<\/h2>\t\t\t\t<\/div>\n\t\t\t\t<\/div>\n\t\t\t\t<div class=\"elementor-element elementor-element-7f20915 elementor-widget elementor-widget-text-editor\" data-id=\"7f20915\" data-element_type=\"widget\" data-widget_type=\"text-editor.default\">\n\t\t\t\t<div class=\"elementor-widget-container\">\n\t\t\t\t\t\t\t\t\t<p>We have been organizing events of all kinds for more than 10 years, from the first idea to the last detail.<br \/>Come and tell us what you want to celebrate.<\/p>\t\t\t\t\t\t\t\t<\/div>\n\t\t\t\t<\/div>\n\t\t\t\t\t<\/div>\n\t\t<\/div>\n\t\t\t\t\t<\/div>\n\t\t<\/section>\n\t\t\t\t<\/div>\n\t\t","protected":false},"excerpt":{"rendered":"<p>At Vinolio we are continuously proposing new experiences for our customers to enjoy the best food paired with excellent wines. Find out about our next event and if you wish, reserve a table. Currently Pairing Diner Bodega G\u00e9mina Friday, March 13th at 8:30 pm. 60 \u20ac\/pp Book your table, call us at 91 156 09 [&hellip;]<\/p>\n","protected":false},"author":1,"featured_media":0,"parent":0,"menu_order":0,"comment_status":"closed","ping_status":"closed","template":"page-eventos.php","meta":{"_acf_changed":false,"footnotes":""},"class_list":["post-1448","page","type-page","status-publish","hentry"],"acf":[],"yoast_head":"<!-- This site is optimized with the Yoast SEO plugin v26.8 - https:\/\/yoast.com\/product\/yoast-seo-wordpress\/ -->\n<title>Events - Vinolio | Restaurante &amp; Gastrobar<\/title>\n<meta name=\"robots\" content=\"index, follow, max-snippet:-1, max-image-preview:large, max-video-preview:-1\" \/>\n<link rel=\"canonical\" href=\"https:\/\/vinolio.es\/en\/events\/\" \/>\n<meta property=\"og:locale\" content=\"en_US\" \/>\n<meta property=\"og:type\" content=\"article\" \/>\n<meta property=\"og:title\" content=\"Events - Vinolio | Restaurante &amp; Gastrobar\" \/>\n<meta property=\"og:description\" content=\"At Vinolio we are continuously proposing new experiences for our customers to enjoy the best food paired with excellent wines. Find out about our next event and if you wish, reserve a table. Currently Pairing Diner Bodega G\u00e9mina Friday, March 13th at 8:30 pm. 60 \u20ac\/pp Book your table, call us at 91 156 09 [&hellip;]\" \/>\n<meta property=\"og:url\" content=\"https:\/\/vinolio.es\/en\/events\/\" \/>\n<meta property=\"og:site_name\" content=\"Vinolio | Restaurante &amp; Gastrobar\" \/>\n<meta property=\"article:modified_time\" content=\"2026-03-12T00:19:31+00:00\" \/>\n<meta property=\"og:image\" content=\"https:\/\/vinolio.es\/wp-content\/uploads\/2020\/02\/vinolio_vinos.jpg\" \/>\n\t<meta property=\"og:image:width\" content=\"1920\" \/>\n\t<meta property=\"og:image:height\" content=\"1272\" \/>\n\t<meta property=\"og:image:type\" content=\"image\/jpeg\" \/>\n<meta name=\"twitter:card\" content=\"summary_large_image\" \/>\n<meta name=\"twitter:label1\" content=\"Est. reading time\" \/>\n\t<meta name=\"twitter:data1\" content=\"2 minutes\" \/>\n<script type=\"application\/ld+json\" class=\"yoast-schema-graph\">{\"@context\":\"https:\/\/schema.org\",\"@graph\":[{\"@type\":\"WebPage\",\"@id\":\"https:\/\/vinolio.es\/en\/events\/\",\"url\":\"https:\/\/vinolio.es\/en\/events\/\",\"name\":\"Events - Vinolio | Restaurante &amp; Gastrobar\",\"isPartOf\":{\"@id\":\"https:\/\/vinolio.es\/#website\"},\"primaryImageOfPage\":{\"@id\":\"https:\/\/vinolio.es\/en\/events\/#primaryimage\"},\"image\":{\"@id\":\"https:\/\/vinolio.es\/en\/events\/#primaryimage\"},\"thumbnailUrl\":\"https:\/\/vinolio.es\/wp-content\/uploads\/2020\/02\/vinolio_vinos.jpg\",\"datePublished\":\"2019-11-02T10:50:07+00:00\",\"dateModified\":\"2026-03-12T00:19:31+00:00\",\"breadcrumb\":{\"@id\":\"https:\/\/vinolio.es\/en\/events\/#breadcrumb\"},\"inLanguage\":\"en-US\",\"potentialAction\":[{\"@type\":\"ReadAction\",\"target\":[\"https:\/\/vinolio.es\/en\/events\/\"]}]},{\"@type\":\"ImageObject\",\"inLanguage\":\"en-US\",\"@id\":\"https:\/\/vinolio.es\/en\/events\/#primaryimage\",\"url\":\"https:\/\/vinolio.es\/wp-content\/uploads\/2020\/02\/vinolio_vinos.jpg\",\"contentUrl\":\"https:\/\/vinolio.es\/wp-content\/uploads\/2020\/02\/vinolio_vinos.jpg\"},{\"@type\":\"BreadcrumbList\",\"@id\":\"https:\/\/vinolio.es\/en\/events\/#breadcrumb\",\"itemListElement\":[{\"@type\":\"ListItem\",\"position\":1,\"name\":\"Portada\",\"item\":\"https:\/\/vinolio.es\/en\/\"},{\"@type\":\"ListItem\",\"position\":2,\"name\":\"Events\"}]},{\"@type\":\"WebSite\",\"@id\":\"https:\/\/vinolio.es\/#website\",\"url\":\"https:\/\/vinolio.es\/\",\"name\":\"Vinolio | Restaurante & Gastrobar\",\"description\":\"Restaurante Vinolio, cocina mediterr\u00e1nea y de mercado en Coslada, Madrid.\",\"potentialAction\":[{\"@type\":\"SearchAction\",\"target\":{\"@type\":\"EntryPoint\",\"urlTemplate\":\"https:\/\/vinolio.es\/?s={search_term_string}\"},\"query-input\":{\"@type\":\"PropertyValueSpecification\",\"valueRequired\":true,\"valueName\":\"search_term_string\"}}],\"inLanguage\":\"en-US\"}]}<\/script>\n<!-- \/ Yoast SEO plugin. -->","yoast_head_json":{"title":"Events - Vinolio | Restaurante &amp; Gastrobar","robots":{"index":"index","follow":"follow","max-snippet":"max-snippet:-1","max-image-preview":"max-image-preview:large","max-video-preview":"max-video-preview:-1"},"canonical":"https:\/\/vinolio.es\/en\/events\/","og_locale":"en_US","og_type":"article","og_title":"Events - Vinolio | Restaurante &amp; Gastrobar","og_description":"At Vinolio we are continuously proposing new experiences for our customers to enjoy the best food paired with excellent wines. Find out about our next event and if you wish, reserve a table. Currently Pairing Diner Bodega G\u00e9mina Friday, March 13th at 8:30 pm. 60 \u20ac\/pp Book your table, call us at 91 156 09 [&hellip;]","og_url":"https:\/\/vinolio.es\/en\/events\/","og_site_name":"Vinolio | Restaurante &amp; Gastrobar","article_modified_time":"2026-03-12T00:19:31+00:00","og_image":[{"width":1920,"height":1272,"url":"https:\/\/vinolio.es\/wp-content\/uploads\/2020\/02\/vinolio_vinos.jpg","type":"image\/jpeg"}],"twitter_card":"summary_large_image","twitter_misc":{"Est. reading time":"2 minutes"},"schema":{"@context":"https:\/\/schema.org","@graph":[{"@type":"WebPage","@id":"https:\/\/vinolio.es\/en\/events\/","url":"https:\/\/vinolio.es\/en\/events\/","name":"Events - Vinolio | Restaurante &amp; Gastrobar","isPartOf":{"@id":"https:\/\/vinolio.es\/#website"},"primaryImageOfPage":{"@id":"https:\/\/vinolio.es\/en\/events\/#primaryimage"},"image":{"@id":"https:\/\/vinolio.es\/en\/events\/#primaryimage"},"thumbnailUrl":"https:\/\/vinolio.es\/wp-content\/uploads\/2020\/02\/vinolio_vinos.jpg","datePublished":"2019-11-02T10:50:07+00:00","dateModified":"2026-03-12T00:19:31+00:00","breadcrumb":{"@id":"https:\/\/vinolio.es\/en\/events\/#breadcrumb"},"inLanguage":"en-US","potentialAction":[{"@type":"ReadAction","target":["https:\/\/vinolio.es\/en\/events\/"]}]},{"@type":"ImageObject","inLanguage":"en-US","@id":"https:\/\/vinolio.es\/en\/events\/#primaryimage","url":"https:\/\/vinolio.es\/wp-content\/uploads\/2020\/02\/vinolio_vinos.jpg","contentUrl":"https:\/\/vinolio.es\/wp-content\/uploads\/2020\/02\/vinolio_vinos.jpg"},{"@type":"BreadcrumbList","@id":"https:\/\/vinolio.es\/en\/events\/#breadcrumb","itemListElement":[{"@type":"ListItem","position":1,"name":"Portada","item":"https:\/\/vinolio.es\/en\/"},{"@type":"ListItem","position":2,"name":"Events"}]},{"@type":"WebSite","@id":"https:\/\/vinolio.es\/#website","url":"https:\/\/vinolio.es\/","name":"Vinolio | Restaurante & Gastrobar","description":"Restaurante Vinolio, cocina mediterr\u00e1nea y de mercado en Coslada, Madrid.","potentialAction":[{"@type":"SearchAction","target":{"@type":"EntryPoint","urlTemplate":"https:\/\/vinolio.es\/?s={search_term_string}"},"query-input":{"@type":"PropertyValueSpecification","valueRequired":true,"valueName":"search_term_string"}}],"inLanguage":"en-US"}]}},"_links":{"self":[{"href":"https:\/\/vinolio.es\/en\/wp-json\/wp\/v2\/pages\/1448","targetHints":{"allow":["GET"]}}],"collection":[{"href":"https:\/\/vinolio.es\/en\/wp-json\/wp\/v2\/pages"}],"about":[{"href":"https:\/\/vinolio.es\/en\/wp-json\/wp\/v2\/types\/page"}],"author":[{"embeddable":true,"href":"https:\/\/vinolio.es\/en\/wp-json\/wp\/v2\/users\/1"}],"replies":[{"embeddable":true,"href":"https:\/\/vinolio.es\/en\/wp-json\/wp\/v2\/comments?post=1448"}],"version-history":[{"count":124,"href":"https:\/\/vinolio.es\/en\/wp-json\/wp\/v2\/pages\/1448\/revisions"}],"predecessor-version":[{"id":5424,"href":"https:\/\/vinolio.es\/en\/wp-json\/wp\/v2\/pages\/1448\/revisions\/5424"}],"wp:attachment":[{"href":"https:\/\/vinolio.es\/en\/wp-json\/wp\/v2\/media?parent=1448"}],"curies":[{"name":"wp","href":"https:\/\/api.w.org\/{rel}","templated":true}]}}